{"id":2,"date":"2015-08-12T15:28:29","date_gmt":"2015-08-12T13:28:29","guid":{"rendered":"http:\/\/www.federvolleyvarese.it\/portale\/?page_id=2"},"modified":"2017-02-17T22:43:30","modified_gmt":"2017-02-17T21:43:30","slug":"pagina-di-esempio","status":"publish","type":"page","link":"https:\/\/www.federvolleyvarese.it\/?page_id=2","title":{"rendered":"Comitato Territoriale"},"content":{"rendered":"<p><span style=\"font-family: helvetica, arial, sans-serif;\"><strong>ORARI<\/strong><\/span><br \/>\n<span style=\"font-family: helvetica, arial, sans-serif;\">Il comitato \u00e8 aperto con i seguenti orari: <\/span><br \/>\n<span style=\"color: #339966; font-family: helvetica, arial, sans-serif;\"><strong>Per le Societ\u00e0 e allenatori<\/strong> <\/span><br \/>\n<span style=\"font-family: helvetica, arial, sans-serif;\">Luned\u00ec, mercoled\u00ec, venerd\u00ec: \u00a0\u00a0<strong>14.00-18.00<\/strong> e <strong>21.00-23.00<\/strong> <\/span><br \/>\n<strong><span style=\"color: #339966; font-family: helvetica, arial, sans-serif;\">Per gli Arbitri <\/span><\/strong><br \/>\n<span style=\"font-family: helvetica, arial, sans-serif;\">Luned\u00ec: <strong>21.00 &#8211; 23.00<\/strong><\/span><\/p>\n<p><span style=\"font-family: helvetica,arial,sans-serif; font-size: 14pt;\"><strong>\u00a0<\/strong><\/span><\/p>\n<p>&nbsp;<\/p>\n<p>&nbsp;<\/p>\n<p>&nbsp;<\/p>\n","protected":false},"excerpt":{"rendered":"<p>ORARI Il comitato \u00e8 aperto con i seguenti orari: Per le Societ\u00e0 e allenatori Luned\u00ec, mercoled\u00ec, venerd\u00ec: \u00a0\u00a014.00-18.00 e 21.00-23.00 Per gli Arbitri Luned\u00ec: 21.00 &#8211; 23.00 \u00a0 &nbsp; &nbsp; &nbsp;<\/p>\n","protected":false},"author":1,"featured_media":0,"parent":0,"menu_order":0,"comment_status":"closed","ping_status":"closed","template":"","meta":{"footnotes":""},"class_list":["post-2","page","type-page","status-publish","hentry"],"_links":{"self":[{"href":"https:\/\/www.federvolleyvarese.it\/index.php?rest_route=\/wp\/v2\/pages\/2","targetHints":{"allow":["GET"]}}],"collection":[{"href":"https:\/\/www.federvolleyvarese.it\/index.php?rest_route=\/wp\/v2\/pages"}],"about":[{"href":"https:\/\/www.federvolleyvarese.it\/index.php?rest_route=\/wp\/v2\/types\/page"}],"author":[{"embeddable":true,"href":"https:\/\/www.federvolleyvarese.it\/index.php?rest_route=\/wp\/v2\/users\/1"}],"replies":[{"embeddable":true,"href":"https:\/\/www.federvolleyvarese.it\/index.php?rest_route=%2Fwp%2Fv2%2Fcomments&post=2"}],"version-history":[{"count":8,"href":"https:\/\/www.federvolleyvarese.it\/index.php?rest_route=\/wp\/v2\/pages\/2\/revisions"}],"predecessor-version":[{"id":2201,"href":"https:\/\/www.federvolleyvarese.it\/index.php?rest_route=\/wp\/v2\/pages\/2\/revisions\/2201"}],"wp:attachment":[{"href":"https:\/\/www.federvolleyvarese.it\/index.php?rest_route=%2Fwp%2Fv2%2Fmedia&parent=2"}],"curies":[{"name":"wp","href":"https:\/\/api.w.org\/{rel}","templated":true}]}}