{"id":341,"date":"2015-08-27T22:38:21","date_gmt":"2015-08-27T20:38:21","guid":{"rendered":"http:\/\/www.federvolleyvarese.it\/portale\/?page_id=341"},"modified":"2019-09-21T11:29:55","modified_gmt":"2019-09-21T09:29:55","slug":"corso-arbitri-associati","status":"publish","type":"page","link":"https:\/\/www.federvolleyvarese.it\/?page_id=341","title":{"rendered":"Corso Arbitri Associati"},"content":{"rendered":"<p><strong>CORSI PER LA QUALIFICA DI ARBITRO ASSOCIATO<\/strong><\/p>\n<p>Il corso per tesserati da abilitare alla funzione di arbitro associato\u00a0 indetto dal Comitato Territoriale di Varese.<\/p>\n<p>E stato programmato in due sessioni di due incontri, dalle 20.30 alle 23.00. Presso il Comitato Territoriale di Varese in Via Cesare Correnti 2<\/p>\n<ol>\n<li><strong>Marted\u00ec 08 -Mercoled\u00ec 09, per la parte teorica.\u00a0<\/strong><b>Venerd\u00ec\u00a011 Ottobre, da svolgere in palestra per la parte pratica la cui sede sar\u00e0 comunicata durante il corso.<\/b><\/li>\n<li><strong>Marted\u00ec 15 -Mercoled\u00ec 16, per la parte teorica.\u00a0<\/strong><b>Venerd\u00ec\u00a018 Ottobre, da svolgere in palestra per la parte pratica la cui sede sar\u00e0 comunicata durante il corso.<\/b><\/li>\n<\/ol>\n<p><a href=\"http:\/\/federvolleyvarese.it\/Archivio\/Documenti\/Arbitri\/Modulo iscrizione arbitro associato.pdf\" target=\"_blank\" rel=\"noopener\">modulo iscrizione<\/a><\/p>\n<p>&nbsp;<\/p>\n<p><strong>Regolamentazione figura arbitro associato<\/strong><\/p>\n<p>Art. 42 &#8211; Ufficiali di gara: Tesserati abilitati alle funzioni di Arbitro Associato &#8211; nomina e requisiti generali 1. Possono essere abilitati alle funzioni di arbitro associato i dirigenti, gli allenatori, gli atleti che: 1) abbiano compiuto il 16\u00b0 anno di et\u00e0; 2) abbiano superato il corso di abilitazione indicato nel successivo articolo 79, punto 1a.4; 3) abbiano formalmente aderito alla FIPAV con la sottoscrizione del tesseramento ed il pagamento della relativa quota in qualit\u00e0 di dirigente, allenatore, atleta. 2. Oltre agli osservatori e ai delegati arbitrali, possono altres\u00ec svolgere le funzioni di arbitro associato anche i segnapunti che abbiano superato il corso di abilitazione indicato nel successivo articolo 79, punto 1a.4.\u00a0 3. Le funzioni di arbitro associato possono essere svolte solo nelle fasi territoriali dei campionati di categoria fino all\u2019Under 16\/F e Under 16\/M e nei campionati territoriali fino alla 2a divisione. 4. I tesserati abilitati alle funzioni di arbitro associato potranno svolgere le loro funzioni fino al compimento del 65\u00b0 anno di et\u00e0, fermo restando l\u2019obbligo, a partire dal 55\u00b0 anno di et\u00e0, di presentare annualmente un certificato rilasciato dalle autorit\u00e0 sanitarie in conformit\u00e0 a quanto indicato nelle circolari annuali del settore.<\/p>\n","protected":false},"excerpt":{"rendered":"<p>CORSI PER LA QUALIFICA DI ARBITRO ASSOCIATO Il corso per tesserati da abilitare alla funzione di arbitro associato\u00a0 indetto dal Comitato Territoriale di Varese. E stato programmato in due sessioni di due incontri, dalle 20.30 alle 23.00. Presso il Comitato Territoriale di Varese in Via Cesare Correnti 2 Marted\u00ec 08 -Mercoled\u00ec 09, per la parte [&hellip;]<\/p>\n","protected":false},"author":1,"featured_media":0,"parent":0,"menu_order":0,"comment_status":"closed","ping_status":"closed","template":"","meta":{"footnotes":""},"class_list":["post-341","page","type-page","status-publish","hentry"],"_links":{"self":[{"href":"https:\/\/www.federvolleyvarese.it\/index.php?rest_route=\/wp\/v2\/pages\/341","targetHints":{"allow":["GET"]}}],"collection":[{"href":"https:\/\/www.federvolleyvarese.it\/index.php?rest_route=\/wp\/v2\/pages"}],"about":[{"href":"https:\/\/www.federvolleyvarese.it\/index.php?rest_route=\/wp\/v2\/types\/page"}],"author":[{"embeddable":true,"href":"https:\/\/www.federvolleyvarese.it\/index.php?rest_route=\/wp\/v2\/users\/1"}],"replies":[{"embeddable":true,"href":"https:\/\/www.federvolleyvarese.it\/index.php?rest_route=%2Fwp%2Fv2%2Fcomments&post=341"}],"version-history":[{"count":9,"href":"https:\/\/www.federvolleyvarese.it\/index.php?rest_route=\/wp\/v2\/pages\/341\/revisions"}],"predecessor-version":[{"id":4082,"href":"https:\/\/www.federvolleyvarese.it\/index.php?rest_route=\/wp\/v2\/pages\/341\/revisions\/4082"}],"wp:attachment":[{"href":"https:\/\/www.federvolleyvarese.it\/index.php?rest_route=%2Fwp%2Fv2%2Fmedia&parent=341"}],"curies":[{"name":"wp","href":"https:\/\/api.w.org\/{rel}","templated":true}]}}