{"id":44,"date":"2015-08-12T20:31:59","date_gmt":"2015-08-12T18:31:59","guid":{"rendered":"http:\/\/www.federvolleyvarese.it\/portale\/?page_id=44"},"modified":"2017-07-28T16:22:13","modified_gmt":"2017-07-28T14:22:13","slug":"orari-e-contatti","status":"publish","type":"page","link":"https:\/\/www.federvolleyvarese.it\/?page_id=44","title":{"rendered":"Orari e Contatti"},"content":{"rendered":"<table border=\"0\" width=\"100%\" cellspacing=\"4\" cellpadding=\"4\">\n<tbody>\n<tr>\n<td>\n<p style=\"text-align: center;\"><span style=\"color: #ff0000;\"><strong>Per le societ\u00e0<\/strong><\/span><\/p>\n<p style=\"text-align: center;\">Luned\u00ec \u2013 Mercoled\u00ec &#8211; Venerd\u00ec<br \/>\nDalle <strong>14.00<\/strong> alle <strong>18.00<\/strong> e dalle <strong>21.00<\/strong> alle <strong>23.00<\/strong><\/p>\n<p style=\"text-align: center;\"><span style=\"color: #ff0000;\"><strong>Per gli allenatori<\/strong><\/span><\/p>\n<p style=\"text-align: center;\">Luned\u00ec dalle <strong>21.00<\/strong> alle <strong>23.00<\/strong><\/p>\n<p style=\"text-align: center;\"><span style=\"color: #ff0000;\"><strong>Per gli arbitri<\/strong><\/span><\/p>\n<p style=\"text-align: center;\">Luned\u00ec dalle <strong>21.00<\/strong> alle <strong>23.00<\/strong><\/p>\n<p style=\"text-align: center;\"><strong><span style=\"color: #ff0000;\">Contatti<\/span><\/strong><\/p>\n<p style=\"text-align: center;\">tel.<strong>0332-310311 fax 0332310333<\/strong><\/p>\n<p style=\"text-align: center;\">mail <strong>varese@federvolley.it<\/strong><\/p>\n<p style=\"text-align: center;\">mail <strong>gare@federvolleyvarese.it<\/strong><\/p>\n<p style=\"text-align: center;\">mail <strong>amministrazione@federvolleyvarese.it<\/strong><\/p>\n<\/td>\n<td><iframe style=\"border: 0px currentColor;\" src=\"https:\/\/www.google.com\/maps\/embed?pb=!1m17!1m11!1m3!1d24975.348578029112!2d8.845060709286713!3d45.79125794882666!2m2!1f0!2f0!3m2!1i1024!2i768!4f13.1!3m3!1m2!1s0x478680b6ffa29aed%3A0xb7ea8da9f46eea5b!2sVia+Cesare+Correnti%2C+4%2C+21100+Varese+VA%2C+Italia!5e1!3m2!1sit!2sus!4v1439453946781\" width=\"600\" height=\"450\" frameborder=\"0\" allowfullscreen=\"allowfullscreen\"><\/iframe><\/td>\n<\/tr>\n<\/tbody>\n<\/table>\n<p>&nbsp;<\/p>\n","protected":false},"excerpt":{"rendered":"<p>Per le societ\u00e0 Luned\u00ec \u2013 Mercoled\u00ec &#8211; Venerd\u00ec Dalle 14.00 alle 18.00 e dalle 21.00 alle 23.00 Per gli allenatori Luned\u00ec dalle 21.00 alle 23.00 Per gli arbitri Luned\u00ec dalle 21.00 alle 23.00 Contatti tel.0332-310311 fax 0332310333 mail varese@federvolley.it mail gare@federvolleyvarese.it mail amministrazione@federvolleyvarese.it &nbsp;<\/p>\n","protected":false},"author":1,"featured_media":32,"parent":0,"menu_order":0,"comment_status":"closed","ping_status":"closed","template":"","meta":{"footnotes":""},"class_list":["post-44","page","type-page","status-publish","has-post-thumbnail","hentry"],"_links":{"self":[{"href":"https:\/\/www.federvolleyvarese.it\/index.php?rest_route=\/wp\/v2\/pages\/44","targetHints":{"allow":["GET"]}}],"collection":[{"href":"https:\/\/www.federvolleyvarese.it\/index.php?rest_route=\/wp\/v2\/pages"}],"about":[{"href":"https:\/\/www.federvolleyvarese.it\/index.php?rest_route=\/wp\/v2\/types\/page"}],"author":[{"embeddable":true,"href":"https:\/\/www.federvolleyvarese.it\/index.php?rest_route=\/wp\/v2\/users\/1"}],"replies":[{"embeddable":true,"href":"https:\/\/www.federvolleyvarese.it\/index.php?rest_route=%2Fwp%2Fv2%2Fcomments&post=44"}],"version-history":[{"count":9,"href":"https:\/\/www.federvolleyvarese.it\/index.php?rest_route=\/wp\/v2\/pages\/44\/revisions"}],"predecessor-version":[{"id":2477,"href":"https:\/\/www.federvolleyvarese.it\/index.php?rest_route=\/wp\/v2\/pages\/44\/revisions\/2477"}],"wp:featuredmedia":[{"embeddable":true,"href":"https:\/\/www.federvolleyvarese.it\/index.php?rest_route=\/wp\/v2\/media\/32"}],"wp:attachment":[{"href":"https:\/\/www.federvolleyvarese.it\/index.php?rest_route=%2Fwp%2Fv2%2Fmedia&parent=44"}],"curies":[{"name":"wp","href":"https:\/\/api.w.org\/{rel}","templated":true}]}}