{"id":4412,"date":"2020-03-21T23:09:51","date_gmt":"2020-03-21T22:09:51","guid":{"rendered":"http:\/\/www.federvolleyvarese.it\/?page_id=4412"},"modified":"2020-03-21T23:09:51","modified_gmt":"2020-03-21T22:09:51","slug":"privacy","status":"publish","type":"page","link":"https:\/\/www.federvolleyvarese.it\/?page_id=4412","title":{"rendered":"Privacy"},"content":{"rendered":"<p>PRIVACY E COOKIE POLICY<br \/>\n2019-01-04 <\/p>\n<p>FIPAV VARESE rende la presente informativa ai sensi e per gli effetti dell\u2019art. 13 del Regolamento (UE) 2016\/679 (di seguito \u201cGDPR\u201d), relativo alla protezione delle persone fisiche con riguardo al trattamento dei dati personali, allo scopo di farti conoscere le finalit\u00e0 e le modalit\u00e0 del trattamento dei dati personali che potresti comunicare durante la navigazione nel presente sito web (di seguito \u201cSito\u201d).<\/p>\n<p>Si precisa che la presente informativa si riferisce unicamente al Sito e non a siti web di soggetti terzi, eventualmente raggiungibili dall\u2019Utente mediante link in esso presenti.<\/p>\n<p>CATEGORIE DI DATI TRATTATI<\/p>\n<p>Dati di navigazione<\/p>\n<p>I sistemi informatici e le procedure software preposte al funzionamento di questo sito web acquisiscono, nel corso del loro normale esercizio, alcuni dati personali la cui trasmissione \u00e8 implicita nell&#8217;uso dei protocolli di comunicazione di Internet. Si tratta di informazioni che non sono raccolte per essere associate a interessati identificati, ma che per loro stessa natura potrebbero, attraverso elaborazioni ed associazioni con dati detenuti da terzi, permettere di identificare gli utenti. In questa categoria di dati rientrano, ad esempio, gli indirizzi IP o i nomi a dominio dei computer utilizzati dagli utenti che si connettono al sito, gli indirizzi in notazione URI (Uniform Resource Identifier) delle risorse richieste, l&#8217;orario della richiesta, il metodo utilizzato nel sottoporre la richiesta al server, la dimensione del file ottenuto in risposta, il codice numerico indicante lo stato della risposta data dal server (buon fine, errore, ecc.) ed altri parametri relativi al sistema operativo e all&#8217;ambiente informatico dell&#8217;utente. Questi dati vengono utilizzati al solo fine di ricavare informazioni statistiche anonime sull&#8217;uso del sito e per controllarne il corretto funzionamento e vengono cancellati immediatamente dopo l&#8217;elaborazione.<\/p>\n<p>Dati forniti volontariamente dall\u2019Utente<\/p>\n<p>L&#8217;invio facoltativo, esplicito e volontario di posta elettronica agli indirizzi indicati nel Sito comporta la successiva acquisizione dell&#8217;indirizzo del mittente, necessario per rispondere alle richieste, nonch\u00e9 degli eventuali altri dati personali inseriti nella missiva. Specifiche informative di sintesi vengono inoltre riportate o visualizzate nelle sezioni del Sito predisposte per particolari servizi a richiesta e sottoposte, se del caso, al consenso dell\u2019interessato.<\/p>\n<p>Cookie<\/p>\n<p>In conformit\u00e0 al Provvedimento del Garante per la protezione dei dati personali n. 229 dell&#8217;8 maggio 2014, recante &#8220;Individuazione delle modalit\u00e0 semplificate per l&#8217;informativa e l&#8217;acquisizione del consenso per l&#8217;uso dei cookie&#8221;, la Societ\u00e0 informa gli utenti sull\u2019utilizzo dei cookie di navigazione nel presente Sito. Si precisa che la presente informativa si riferisce unicamente al Sito e non a siti web di soggetti terzi, eventualmente raggiungibili dall\u2019Utente mediante link in esso presenti.<\/p>\n<p>Cosa sono i cookie<\/p>\n<p>Un cookie \u00e8 un file di piccole dimensioni che viene inviato al browser in uso e salvato sul tuo dispositivo quando visiti un sito internet come I cookie permettono un funzionamento efficiente del Sito e ne migliorano le prestazioni, forniscono informazioni al proprietario del Sito per fini statistici o pubblicitari, principalmente per personalizzare la tua esperienza di navigazione ricordando le tue preferenze. Il Sito utilizza diverse tipologie di cookie di prima parte (predisposti e gestiti da Federazione Italiana Pallavolo e di terze parti (predisposti e gestiti da soggetti terzi in base alle proprie privacy policy e non sotto il controllo di Federazione Italiana Pallavolo): di seguito una tabella esplicativa<\/p>\n<p>TIPOLOGIA DI COOKIE<\/p>\n<p>FUNZIONE<\/p>\n<p>cookie tecnici (di sessione o navigazione)<\/p>\n<p>Garantiscono la normale navigazione e fruizione del sito web e sono quindi finalizzati a rendere funzionale ed ottimizzare la stessa navigazione all\u2019interno del sito.<\/p>\n<p>cookie di funzionalit\u00e0<\/p>\n<p>Sono strettamente necessari per fornire servizi esplicitamente richiesti dall\u2019utente.<\/p>\n<p>cookie analitici prima parte<\/p>\n<p>Sono utilizzati e realizzati esclusivamente da Federazione Italiana Pallavolo, per raccogliere informazioni, in forma aggregata ed anonima, sul numero degli utenti e su come gli utenti visitano il sito.<\/p>\n<p>cookie analitici terze parti (es. Google Analytics)<\/p>\n<p>Federazione Italiana Pallavolo ha adottato idonei strumenti per far s\u00ec che il trattamento con questi cookie sia effettuato per meri fini statistici.<\/p>\n<p>Google Maps<\/p>\n<p>Questo sito web utilizza alcuni servizi e\/o componenti di Google Maps (maps.google.it) offerto da Google, Inc. ( &#8220;Google&#8221;) con sede in Mountain View, CA (USA), 94043, 1600 Amphitheatre Parkway. In particolare il servizio di fruizione di carte geografiche e il local search. Queste componenti possono utilizzare dei &#8220;cookies&#8221; generati direttamente dai server di Google maps. Leggi la Privacy Policy<\/p>\n<p>Youtube<\/p>\n<p>Questo sito visualizza video attraverso i servizi di Youtube.com. Google utilizza questo cookie per contribuire alla personalizzazione degli annunci nelle propriet\u00e0 di Google. Leggi la Privacy Policy<\/p>\n<p>Cookie Social<\/p>\n<p>Sono forniti direttamente dai domini dei social media che ospitiamo tramite link a pagine ufficiali, pulsanti di condivisione e collegamenti. L&#8217;uso di tali pulsanti e funzionalit\u00e0 implica lo scambio di informazioni con tali siti, pertanto la gestione delle informazioni e le modalit\u00e0 per eliminarle \u00e8 regolamentata dagli stessi: si invita l&#8217;utente a consultare le rispettive informative sulla privacy di ciascuno dei siti in oggetto. Facebook, Twitter, Google Plus\/YouTube I social utilizzano questi cookie per verificare: se l&#8217;utente accede da diversi dispositivi; per salvare le impostazioni locali e le preferenze della scelta della lingua; per la memorizzazione dell\u2019utente che ha precedentemente eseguito l\u2019accesso usando il browser corrente.<\/p>\n<p>Abilitazione e disabilitazione dei cookie dal Browser.<\/p>\n<p>La maggior parte dei browser \u00e8 configurata per accettare, controllare o eventualmente disabilitare i cookie attraverso le impostazioni. Ti ricordiamo tuttavia che disabilitare i cookie di navigazione o quelli funzionali pu\u00f2 causare un insoddisfacente funzionamento del sito e\/o limitare il servizio che offriamo.<\/p>\n<p>Qui sotto il percorso da seguire per gestire i cookie dai seguenti browser:<\/p>\n<p>Internet Explorer: http:\/\/windows.microsoft.com\/it-it\/windows7\/block-enable-or-allow-cookies<\/p>\n<p>Safari: http:\/\/support.apple.com\/kb\/PH19255<\/p>\n<p>Chrome: https:\/\/support.google.com\/chrome\/a nswer\/95647?hl=it-IT&#038;hlrm=fr&#038;hlrm=en<\/p>\n<p>FINALIT\u00c0 E BASE GIURIDICA DEL TRATTAMENTO, NATURA DEL CONFERIMENTO DEI DATI E CONSEGUENZE IN CASO DI RIFIUTO<\/p>\n<p>La Societ\u00e0 tratter\u00e0 i tuoi dati per agevolare la navigazione e per fornire i servizi da te eventualmente richiesti tramite i moduli appositamente predisposti nel Sito. A parte quanto specificato per i dati di navigazione e per i cookie tecnici, nell\u2019ambito delle sezioni del Sito predisposte per particolari servizi a tua richiesta sarai libero di fornire i tuoi dati personali per le finalit\u00e0 riportate nelle rispettive informative, ma il loro mancato conferimento pu\u00f2 comportare l&#8217;impossibilit\u00e0 di ottenere il servizio richiesto.<\/p>\n<p>PERIODO DI CONSERVAZIONE DEI DATI<\/p>\n<p>I dati personali raccolti attraverso l\u2019utilizzo del Sito sono trattati per il tempo strettamente necessario a conseguire gli scopi per cui sono stati raccolti nonch\u00e9, terminato quest\u2019ultimo, per i tempi eventualmente stabiliti dalle norme vigenti.<\/p>\n<p>Per maggiori dettagli, si rimanda alle informative predisposte per particolari servizi.<\/p>\n<p>AMBITO DI COMUNICAZIONE DEI DATI E CATEGORIE DI DESTINATARI<\/p>\n<p>Esclusivamente per le finalit\u00e0 sopra specificate, tutti i dati raccolti ed elaborati potranno essere comunicati a figure interne autorizzate al trattamento in ragione delle rispettive mansioni, nonch\u00e9 a soggetti esterni a cui si rendesse necessario comunicare i dati. Tali destinatari, ove dovessero trattare dati per conto della Societ\u00e0, saranno designati come responsabili del trattamento con apposito contratto od altro atto giuridico.<\/p>\n<p>Per maggiori dettagli, si rimanda alle informative predisposte per particolari servizi.<\/p>\n<p>TRASFERIMENTO DATI VERSO UN PAESE TERZO E\/O UN\u2019ORGANIZZAZIONE INTERNAZIONALE<\/p>\n<p>I tuoi dati personali saranno oggetto di trasferimento verso Paesi Terzi anche Extra Europei mediante servizi che hanno aderito al servizio Privacy Shield.<\/p>\n<p>DIRITTI DEGLI INTERESSATI<\/p>\n<p>Hai il diritto (v. artt. 15 -22 del GDPR) di chiedere alla ns. Federazione di accedere ai tuoi dati personali e di rettificarli se inesatti, di cancellarli o limitarne il trattamento se ne ricorrono i presupposti, nonch\u00e9 di ottenere, qualora si verificassero i presupposti, la portabilit\u00e0 dei dati da te forniti solo se oggetto di un trattamento automatizzato basato sul consenso o sul contratto. Hai altres\u00ec il diritto di revocare il consenso prestato per le finalit\u00e0 di trattamento che lo richiedono, ferma restando la liceit\u00e0 del trattamento effettuato sino al momento della revoca. Hai anche il diritto di proporre reclamo all\u2019autorit\u00e0 di controllo competente in materia, Garante per la protezione dei dati personali.<\/p>\n<p>Per maggiori dettagli, si rimanda alle informative predisposte per particolari servizi.<\/p>\n<p>SOGGETTI DEL TRATTAMENTO<\/p>\n<p>Titolare del trattamento dei Suoi dati personali \u00e8 Federazione Italiana Pallavolo, contattabile come tale al seguente indirizzo mail: gdpr@federvolley.it<\/p>\n<p>Responsabile della protezione dei dati\/data protection officer<\/p>\n<p>Il Responsabile della protezione dei dati\/data protection officer (RPD\/DPO) \u00e8 contattabile come tale al seguente indirizzo mail: dpo@federvolley.it<\/p>\n<p>Ultimo aggiornamento: maggio 2019.<\/p>\n<p>La presente Informativa potr\u00e0 subire variazioni. Si consiglia, quindi, di controllare regolarmente questa pagina web e di tenere in considerazione la versione pi\u00f9 aggiornata dell\u2019informativa ivi riportata.<\/p>\n","protected":false},"excerpt":{"rendered":"<p>PRIVACY E COOKIE POLICY 2019-01-04 FIPAV VARESE rende la presente informativa ai sensi e per gli effetti dell\u2019art. 13 del Regolamento (UE) 2016\/679 (di seguito \u201cGDPR\u201d), relativo alla protezione delle persone fisiche con riguardo al trattamento dei dati personali, allo scopo di farti conoscere le finalit\u00e0 e le modalit\u00e0 del trattamento dei dati personali che [&hellip;]<\/p>\n","protected":false},"author":1,"featured_media":0,"parent":0,"menu_order":0,"comment_status":"closed","ping_status":"closed","template":"","meta":{"footnotes":""},"class_list":["post-4412","page","type-page","status-publish","hentry"],"_links":{"self":[{"href":"https:\/\/www.federvolleyvarese.it\/index.php?rest_route=\/wp\/v2\/pages\/4412","targetHints":{"allow":["GET"]}}],"collection":[{"href":"https:\/\/www.federvolleyvarese.it\/index.php?rest_route=\/wp\/v2\/pages"}],"about":[{"href":"https:\/\/www.federvolleyvarese.it\/index.php?rest_route=\/wp\/v2\/types\/page"}],"author":[{"embeddable":true,"href":"https:\/\/www.federvolleyvarese.it\/index.php?rest_route=\/wp\/v2\/users\/1"}],"replies":[{"embeddable":true,"href":"https:\/\/www.federvolleyvarese.it\/index.php?rest_route=%2Fwp%2Fv2%2Fcomments&post=4412"}],"version-history":[{"count":1,"href":"https:\/\/www.federvolleyvarese.it\/index.php?rest_route=\/wp\/v2\/pages\/4412\/revisions"}],"predecessor-version":[{"id":4413,"href":"https:\/\/www.federvolleyvarese.it\/index.php?rest_route=\/wp\/v2\/pages\/4412\/revisions\/4413"}],"wp:attachment":[{"href":"https:\/\/www.federvolleyvarese.it\/index.php?rest_route=%2Fwp%2Fv2%2Fmedia&parent=4412"}],"curies":[{"name":"wp","href":"https:\/\/api.w.org\/{rel}","templated":true}]}}